{"id":591,"date":"2016-05-08T17:22:51","date_gmt":"2016-05-08T17:22:51","guid":{"rendered":"https:\/\/oceanwp.org\/gym\/?page_id=189"},"modified":"2026-02-21T17:22:38","modified_gmt":"2026-02-21T17:22:38","slug":"about-us","status":"publish","type":"page","link":"https:\/\/varveri-it.com\/en\/about-us\/","title":{"rendered":"\u00dcber uns"},"content":{"rendered":"<div data-elementor-type=\"wp-post\" data-elementor-id=\"591\" class=\"elementor elementor-591\">\n\t\t\t\t<div class=\"elementor-element elementor-element-874a71c e-flex e-con-boxed e-con e-parent\" data-id=\"874a71c\" data-element_type=\"container\" data-e-type=\"container\">\n\t\t\t\t\t<div class=\"e-con-inner\">\n\t\t\t\t<div class=\"elementor-element elementor-element-862c568 elementor-widget elementor-widget-spacer\" data-id=\"862c568\" data-element_type=\"widget\" data-e-type=\"widget\" data-widget_type=\"spacer.default\">\n\t\t\t\t\t\t\t<div class=\"elementor-spacer\">\n\t\t\t<div class=\"elementor-spacer-inner\"><\/div>\n\t\t<\/div>\n\t\t\t\t\t\t<\/div>\n\t\t\t\t\t<\/div>\n\t\t\t\t<\/div>\n\t\t<div class=\"elementor-element elementor-element-8b8e573 e-flex e-con-boxed e-con e-parent\" data-id=\"8b8e573\" data-element_type=\"container\" data-e-type=\"container\">\n\t\t\t\t\t<div class=\"e-con-inner\">\n\t\t\t\t<div class=\"elementor-element elementor-element-b752717 elementor-widget elementor-widget-heading\" data-id=\"b752717\" data-element_type=\"widget\" data-e-type=\"widget\" data-widget_type=\"heading.default\">\n\t\t\t\t\t<h2 class=\"elementor-heading-title elementor-size-default\">\u00dcber uns <\/h2>\t\t\t\t<\/div>\n\t\t\t\t\t<\/div>\n\t\t\t\t<\/div>\n\t\t\t\t<section class=\"elementor-section elementor-top-section elementor-element elementor-element-8786c18 elementor-section-boxed elementor-section-height-default elementor-section-height-default\" data-id=\"8786c18\" data-element_type=\"section\" data-e-type=\"section\">\n\t\t\t\t\t\t<div class=\"elementor-container elementor-column-gap-default\">\n\t\t\t\t\t<div class=\"elementor-column elementor-col-50 elementor-top-column elementor-element elementor-element-0d7d591\" data-id=\"0d7d591\" data-element_type=\"column\" data-e-type=\"column\">\n\t\t\t<div class=\"elementor-widget-wrap elementor-element-populated\">\n\t\t\t\t\t\t<div class=\"elementor-element elementor-element-13bf7b3 elementor-position-top elementor-invisible elementor-widget elementor-widget-image-box\" data-id=\"13bf7b3\" data-element_type=\"widget\" data-e-type=\"widget\" data-settings=\"{&quot;_animation&quot;:&quot;fadeIn&quot;}\" data-widget_type=\"image-box.default\">\n\t\t\t\t\t<div class=\"elementor-image-box-wrapper\"><figure class=\"elementor-image-box-img\"><img fetchpriority=\"high\" decoding=\"async\" width=\"768\" height=\"1024\" src=\"https:\/\/varveri-it.com\/wp-content\/uploads\/2026\/01\/ChatGPT-Image-28.-Jan.-2026-21_50_44-e1769629984262.png\" class=\"attachment-full size-full wp-image-802\" alt=\"\" srcset=\"https:\/\/varveri-it.com\/wp-content\/uploads\/2026\/01\/ChatGPT-Image-28.-Jan.-2026-21_50_44-e1769629984262.png 768w, https:\/\/varveri-it.com\/wp-content\/uploads\/2026\/01\/ChatGPT-Image-28.-Jan.-2026-21_50_44-e1769629984262-225x300.png 225w\" sizes=\"(max-width: 768px) 100vw, 768px\" \/><\/figure><div class=\"elementor-image-box-content\"><h3 class=\"elementor-image-box-title\">Lia Varveri<\/h3><p class=\"elementor-image-box-description\"><u><b>Gesch\u00e4ftsf\u00fchrerin <\/b><\/u><\/p><\/div><\/div>\t\t\t\t<\/div>\n\t\t\t\t\t<\/div>\n\t\t<\/div>\n\t\t\t\t<div class=\"elementor-column elementor-col-50 elementor-top-column elementor-element elementor-element-35ce087\" data-id=\"35ce087\" data-element_type=\"column\" data-e-type=\"column\">\n\t\t\t<div class=\"elementor-widget-wrap elementor-element-populated\">\n\t\t\t\t\t\t<div class=\"elementor-element elementor-element-86f3a63 elementor-position-top elementor-invisible elementor-widget elementor-widget-image-box\" data-id=\"86f3a63\" data-element_type=\"widget\" data-e-type=\"widget\" data-settings=\"{&quot;_animation&quot;:&quot;fadeIn&quot;}\" data-widget_type=\"image-box.default\">\n\t\t\t\t\t<div class=\"elementor-image-box-wrapper\"><figure class=\"elementor-image-box-img\"><img decoding=\"async\" width=\"765\" height=\"1024\" src=\"https:\/\/varveri-it.com\/wp-content\/uploads\/2026\/01\/ChatGPT-Image-28.-Jan.-2026-21_50_44-1-e1769630108152.png\" class=\"attachment-full size-full wp-image-807\" alt=\"\" srcset=\"https:\/\/varveri-it.com\/wp-content\/uploads\/2026\/01\/ChatGPT-Image-28.-Jan.-2026-21_50_44-1-e1769630108152.png 765w, https:\/\/varveri-it.com\/wp-content\/uploads\/2026\/01\/ChatGPT-Image-28.-Jan.-2026-21_50_44-1-e1769630108152-224x300.png 224w\" sizes=\"(max-width: 765px) 100vw, 765px\" \/><\/figure><div class=\"elementor-image-box-content\"><h3 class=\"elementor-image-box-title\">Theo Paras<\/h3><p class=\"elementor-image-box-description\"><u>Operativer Gesch\u00e4ftsf\u00fchrer<\/u><\/p><\/div><\/div>\t\t\t\t<\/div>\n\t\t\t\t<div class=\"elementor-element elementor-element-f8a43d7 center-mobile elementor-widget elementor-widget-text-editor\" data-id=\"f8a43d7\" data-element_type=\"widget\" data-e-type=\"widget\" data-widget_type=\"text-editor.default\">\n\t\t\t\t\t\t\t\t\t<h3 data-start=\"357\" data-end=\"380\">\u00a0<\/h3>\t\t\t\t\t\t\t\t<\/div>\n\t\t\t\t\t<\/div>\n\t\t<\/div>\n\t\t\t\t\t<\/div>\n\t\t<\/section>\n\t\t\t\t<section class=\"elementor-section elementor-top-section elementor-element elementor-element-d977375 elementor-section-boxed elementor-section-height-default elementor-section-height-default\" data-id=\"d977375\" data-element_type=\"section\" data-e-type=\"section\">\n\t\t\t\t\t\t\t<div class=\"elementor-background-overlay\"><\/div>\n\t\t\t\t\t\t\t<div class=\"elementor-container elementor-column-gap-default\">\n\t\t\t\t\t<div class=\"elementor-column elementor-col-100 elementor-top-column elementor-element elementor-element-b6ae903\" data-id=\"b6ae903\" data-element_type=\"column\" data-e-type=\"column\">\n\t\t\t<div class=\"elementor-widget-wrap elementor-element-populated\">\n\t\t\t\t\t\t<div class=\"elementor-element elementor-element-47cc5bf elementor-widget elementor-widget-heading\" data-id=\"47cc5bf\" data-element_type=\"widget\" data-e-type=\"widget\" data-widget_type=\"heading.default\">\n\t\t\t\t\t<h2 class=\"elementor-heading-title elementor-size-default\"><b><u>\u00dcber Varveri-IT<\/u><\/b><\/h2>\t\t\t\t<\/div>\n\t\t\t\t<div class=\"elementor-element elementor-element-430d8e1 elementor-widget elementor-widget-text-editor\" data-id=\"430d8e1\" data-element_type=\"widget\" data-e-type=\"widget\" data-widget_type=\"text-editor.default\">\n\t\t\t\t\t\t\t\t\t<p><span style=\"font-size: 28px; letter-spacing: 0.4px;\">Varveri-IT ist spezialisiert auf strukturierte IT-Ticketbearbeitung und zuverl\u00e4ssigen Remote-Support.<\/span><br \/><span style=\"font-size: 28px; letter-spacing: 0.4px;\">Wir entlasten Unternehmen weltweit und sorgen mit klaren Prozessen f\u00fcr einen stabilen IT-Betrieb.<\/span><\/p>\t\t\t\t\t\t\t\t<\/div>\n\t\t\t\t\t<\/div>\n\t\t<\/div>\n\t\t\t\t\t<\/div>\n\t\t<\/section>\n\t\t\t\t<section class=\"elementor-section elementor-top-section elementor-element elementor-element-be741fc elementor-section-content-middle elementor-section-boxed elementor-section-height-default elementor-section-height-default\" data-id=\"be741fc\" data-element_type=\"section\" data-e-type=\"section\" data-settings=\"{&quot;background_background&quot;:&quot;classic&quot;}\">\n\t\t\t\t\t\t<div class=\"elementor-container elementor-column-gap-default\">\n\t\t\t\t\t<div class=\"elementor-column elementor-col-50 elementor-top-column elementor-element elementor-element-b4b84f2\" data-id=\"b4b84f2\" data-element_type=\"column\" data-e-type=\"column\">\n\t\t\t<div class=\"elementor-widget-wrap elementor-element-populated\">\n\t\t\t\t\t\t<div class=\"elementor-element elementor-element-19b5bc2 elementor-hidden-phone elementor-widget__width-inherit elementor-widget elementor-widget-image\" data-id=\"19b5bc2\" data-element_type=\"widget\" data-e-type=\"widget\" data-widget_type=\"image.default\">\n\t\t\t\t\t\t\t\t\t\t\t\t\t\t\t<img decoding=\"async\" width=\"1024\" height=\"1024\" src=\"https:\/\/varveri-it.com\/wp-content\/uploads\/2026\/01\/ad532e98-1c17-4f77-9129-d0eceb8aba7b.png\" class=\"attachment-full size-full wp-image-607\" alt=\"\" srcset=\"https:\/\/varveri-it.com\/wp-content\/uploads\/2026\/01\/ad532e98-1c17-4f77-9129-d0eceb8aba7b.png 1024w, https:\/\/varveri-it.com\/wp-content\/uploads\/2026\/01\/ad532e98-1c17-4f77-9129-d0eceb8aba7b-300x300.png 300w, https:\/\/varveri-it.com\/wp-content\/uploads\/2026\/01\/ad532e98-1c17-4f77-9129-d0eceb8aba7b-150x150.png 150w, https:\/\/varveri-it.com\/wp-content\/uploads\/2026\/01\/ad532e98-1c17-4f77-9129-d0eceb8aba7b-768x768.png 768w, https:\/\/varveri-it.com\/wp-content\/uploads\/2026\/01\/ad532e98-1c17-4f77-9129-d0eceb8aba7b-600x600.png 600w\" sizes=\"(max-width: 1024px) 100vw, 1024px\" \/>\t\t\t\t\t\t\t\t\t\t\t\t\t\t\t<\/div>\n\t\t\t\t\t<\/div>\n\t\t<\/div>\n\t\t\t\t<div class=\"elementor-column elementor-col-50 elementor-top-column elementor-element elementor-element-8415cc5\" data-id=\"8415cc5\" data-element_type=\"column\" data-e-type=\"column\">\n\t\t\t<div class=\"elementor-widget-wrap elementor-element-populated\">\n\t\t\t\t\t\t<div class=\"elementor-element elementor-element-ad7e30e center-mobile elementor-widget__width-initial elementor-widget elementor-widget-text-editor\" data-id=\"ad7e30e\" data-element_type=\"widget\" data-e-type=\"widget\" data-widget_type=\"text-editor.default\">\n\t\t\t\t\t\t\t\t\t<h3 data-start=\"159\" data-end=\"175\"><strong data-start=\"163\" data-end=\"175\">\u00dcber uns<\/strong><\/h3>\n<p data-start=\"177\" data-end=\"486\">Wir sind ein IT-Team, das sich auf <strong data-start=\"212\" data-end=\"269\">IT-Ticket-Systeme und strukturierte Ticketbearbeitung<\/strong> spezialisiert hat.<br data-start=\"288\" data-end=\"291\">Durch unsere langj\u00e4hrige Erfahrung haben wir festgestellt, dass sich viele Unternehmen \u2013 insbesondere in Deutschland \u2013 zu viel Zeit mit der Verwaltung und Bearbeitung von IT-Tickets besch\u00e4ftigen.<\/p>\n<p data-start=\"488\" data-end=\"565\">Diese Zeit fehlt h\u00e4ufig dort, wo sie am wichtigsten ist: <strong data-start=\"545\" data-end=\"564\">im Kerngesch\u00e4ft<\/strong>.<\/p>\n<p data-start=\"567\" data-end=\"857\">Aus diesem Grund haben wir als <span data-start=\"598\" data-end=\"644\">Team aus zwei ausgebildeten IT<\/span><strong data-start=\"598\" data-end=\"644\">-Fachkr\u00e4ften<\/strong> die Idee entwickelt, Unternehmen gezielt im Bereich Ticketing zu unterst\u00fctzen.<br data-start=\"723\" data-end=\"726\">Wir \u00fcbernehmen die operative Arbeit rund um IT-Tickets, damit sich Unternehmen auf ihre wesentlichen Aufgaben konzentrieren k\u00f6nnen.<\/p>\t\t\t\t\t\t\t\t<\/div>\n\t\t\t\t\t<\/div>\n\t\t<\/div>\n\t\t\t\t\t<\/div>\n\t\t<\/section>\n\t\t\t\t<\/div>","protected":false},"excerpt":{"rendered":"<p>\u00dcber uns Lia Varveri Gesch\u00e4ftsf\u00fchrerin Theo Paras Operativer Gesch\u00e4ftsf\u00fchrer \u00a0 \u00dcber Varveri-IT Varveri-IT ist spezialisiert auf strukturierte IT-Ticketbearbeitung und zuverl\u00e4ssigen Remote-Support.Wir entlasten Unternehmen weltweit und sorgen mit klaren Prozessen f\u00fcr einen stabilen IT-Betrieb. \u00dcber uns Wir sind ein IT-Team, das sich auf IT-Ticket-Systeme und strukturierte Ticketbearbeitung spezialisiert hat.Durch unsere langj\u00e4hrige Erfahrung haben wir festgestellt, dass [&hellip;]<\/p>\n","protected":false},"author":1,"featured_media":0,"parent":0,"menu_order":0,"comment_status":"closed","ping_status":"closed","template":"","meta":{"ocean_post_layout":"full-screen","ocean_both_sidebars_style":"","ocean_both_sidebars_content_width":0,"ocean_both_sidebars_sidebars_width":0,"ocean_sidebar":"0","ocean_second_sidebar":"0","ocean_disable_margins":"on","ocean_add_body_class":"","ocean_shortcode_before_top_bar":"","ocean_shortcode_after_top_bar":"","ocean_shortcode_before_header":"","ocean_shortcode_after_header":"","ocean_has_shortcode":"","ocean_shortcode_after_title":"","ocean_shortcode_before_footer_widgets":"","ocean_shortcode_after_footer_widgets":"","ocean_shortcode_before_footer_bottom":"","ocean_shortcode_after_footer_bottom":"","ocean_display_top_bar":"default","ocean_display_header":"default","ocean_header_style":"","ocean_center_header_left_menu":"0","ocean_custom_header_template":"0","ocean_custom_logo":0,"ocean_custom_retina_logo":0,"ocean_custom_logo_max_width":0,"ocean_custom_logo_tablet_max_width":0,"ocean_custom_logo_mobile_max_width":0,"ocean_custom_logo_max_height":0,"ocean_custom_logo_tablet_max_height":0,"ocean_custom_logo_mobile_max_height":0,"ocean_header_custom_menu":"0","ocean_menu_typo_font_family":"0","ocean_menu_typo_font_subset":"","ocean_menu_typo_font_size":0,"ocean_menu_typo_font_size_tablet":0,"ocean_menu_typo_font_size_mobile":0,"ocean_menu_typo_font_size_unit":"px","ocean_menu_typo_font_weight":"","ocean_menu_typo_font_weight_tablet":"","ocean_menu_typo_font_weight_mobile":"","ocean_menu_typo_transform":"","ocean_menu_typo_transform_tablet":"","ocean_menu_typo_transform_mobile":"","ocean_menu_typo_line_height":0,"ocean_menu_typo_line_height_tablet":0,"ocean_menu_typo_line_height_mobile":0,"ocean_menu_typo_line_height_unit":"","ocean_menu_typo_spacing":0,"ocean_menu_typo_spacing_tablet":0,"ocean_menu_typo_spacing_mobile":0,"ocean_menu_typo_spacing_unit":"","ocean_menu_link_color":"","ocean_menu_link_color_hover":"","ocean_menu_link_color_active":"","ocean_menu_link_background":"","ocean_menu_link_hover_background":"","ocean_menu_link_active_background":"","ocean_menu_social_links_bg":"","ocean_menu_social_hover_links_bg":"","ocean_menu_social_links_color":"","ocean_menu_social_hover_links_color":"","ocean_disable_title":"on","ocean_disable_heading":"default","ocean_post_title":"","ocean_post_subheading":"Discover more about our story","ocean_post_title_style":"background-image","ocean_post_title_background_color":"","ocean_post_title_background":0,"ocean_post_title_bg_image_position":"center center","ocean_post_title_bg_image_attachment":"","ocean_post_title_bg_image_repeat":"","ocean_post_title_bg_image_size":"","ocean_post_title_height":0,"ocean_post_title_bg_overlay":0.5,"ocean_post_title_bg_overlay_color":"","ocean_disable_breadcrumbs":"default","ocean_breadcrumbs_color":"","ocean_breadcrumbs_separator_color":"","ocean_breadcrumbs_links_color":"","ocean_breadcrumbs_links_hover_color":"","ocean_display_footer_widgets":"default","ocean_display_footer_bottom":"default","ocean_custom_footer_template":"0","omw_enable_modal_window":"enable","footnotes":""},"class_list":["post-591","page","type-page","status-publish","hentry","entry"],"_links":{"self":[{"href":"https:\/\/varveri-it.com\/en\/wp-json\/wp\/v2\/pages\/591","targetHints":{"allow":["GET"]}}],"collection":[{"href":"https:\/\/varveri-it.com\/en\/wp-json\/wp\/v2\/pages"}],"about":[{"href":"https:\/\/varveri-it.com\/en\/wp-json\/wp\/v2\/types\/page"}],"author":[{"embeddable":true,"href":"https:\/\/varveri-it.com\/en\/wp-json\/wp\/v2\/users\/1"}],"replies":[{"embeddable":true,"href":"https:\/\/varveri-it.com\/en\/wp-json\/wp\/v2\/comments?post=591"}],"version-history":[{"count":20,"href":"https:\/\/varveri-it.com\/en\/wp-json\/wp\/v2\/pages\/591\/revisions"}],"predecessor-version":[{"id":926,"href":"https:\/\/varveri-it.com\/en\/wp-json\/wp\/v2\/pages\/591\/revisions\/926"}],"wp:attachment":[{"href":"https:\/\/varveri-it.com\/en\/wp-json\/wp\/v2\/media?parent=591"}],"curies":[{"name":"wp","href":"https:\/\/api.w.org\/{rel}","templated":true}]}}